{"id":298,"date":"2021-08-19T08:02:08","date_gmt":"2021-08-19T08:02:08","guid":{"rendered":"https:\/\/dev.hesstrack.com\/alles-an-einem-ort\/"},"modified":"2023-09-29T11:55:15","modified_gmt":"2023-09-29T11:55:15","slug":"alles-an-einem-ort","status":"publish","type":"page","link":"https:\/\/dev.hesstrack.com\/de\/","title":{"rendered":"Alles an einem Ort"},"content":{"rendered":"\n<blockquote class=\"wp-block-quote is-layout-flow wp-block-quote-is-layout-flow\">\n<p>Notiz<\/p>\n<cite>HESS-Track hat eine wichtige Aktualisierung erhalten. Die Konsequenz ist das die Men\u00fcstruktur und die Navigation angepasst worden sind und neue Funktionalit\u00e4ten hinzugef\u00fcgt worden sind.<br>Wir freuen uns \u00fcber Ihre R\u00fcckmeldung und Kommentaren.<\/cite><\/blockquote>\n\n\n\n<hr class=\"wp-block-separator has-alpha-channel-opacity\"\/>\n\n\n\n<p>HESS-Track ist eine moderne L\u00f6sung f\u00fcr den transparenten Zugriff auf den Zustand und die Historie Ihrer Elektrofahrzeugflotte. Die L\u00f6sung ist auf verschiedene Anwendungsf\u00e4lle zugeschnitten und bietet dem Betrieb Echtzeit-Dashboards und Benachrichtigungen, dem Management Berichte, dem Wartungspersonal Diagnosen und dem Kundendienst Einblicke.<\/p>\n\n\n\n<p>Unter Ber\u00fccksichtigung der ITxPT-Prinzipien sammelt und verarbeitet HESS-Track Live-Fahrzeugdynamik und wandelt diese Daten in leicht zug\u00e4ngliche Informationen um. Interaktive Dashboards erm\u00f6glichen es Ihnen, von der Flottenebene bis zu einem Fahrzeug und sogar noch weiter bis zu Subsystemen oder funktionalen Einheiten aufzuschl\u00fcsseln. Daten zur Unterst\u00fctzung der Fahrzeugdiagnose k\u00f6nnen ebenfalls angefordert werden, und regelm\u00e4\u00dfige Berichte k\u00f6nnen effizient definiert und erstellt werden. <\/p>\n\n\n\n<blockquote class=\"wp-block-quote is-layout-flow wp-block-quote-is-layout-flow\">\n<p>HESS-Track geht davon aus, dass die Benutzer Informationen je nach ihrer Funktion ben\u00f6tigen. Ein Manager wird es vorziehen, einfachen Zugang zu Berichten zu haben, w\u00e4hrend ein Wartungstechniker zum Beispiel die Pannenhistorie des Fahrzeugs einsehen m\u00f6chte. Daher wird jedem Benutzer eine Rolle zugewiesen, die am besten zu seiner T\u00e4tigkeit passt.<\/p>\n<\/blockquote>\n\n\n\n<p>Als Kunde m\u00fcssen Sie sich nicht um das Usermangement k\u00fcmmern. HESS-Track wird das f\u00fcr Sie \u00fcbernehmen.<\/p>\n\n\n\n<blockquote class=\"wp-block-quote is-layout-flow wp-block-quote-is-layout-flow\">\n<p>HESS-Track wird mit marktf\u00fchrenden Software-Tools erstellt und entspricht den h\u00f6chsten Datensicherheitsstandards. Besonderes Augenmerk wird auf die Systemverf\u00fcgbarkeit gelegt und der Zugriff auf die Fahrzeugdaten wird auch dann gew\u00e4hrt, wenn die Fahrzeuge nicht online sind.<\/p>\n<\/blockquote>\n\n\n\n<p>Kontaktieren Sie uns, wenn Sie mehr \u00fcber HESS-Track erfahren m\u00f6chten unter <a href=\"mailto:info@hesstrack.com\">info@hesstrack.com<\/a>. Um ein Konto zu beantragen, registrieren Sie sich als neuer Benutzer.<\/p>\n","protected":false},"excerpt":{"rendered":"<p>Notiz HESS-Track hat eine wichtige Aktualisierung erhalten. Die Konsequenz ist das die Men\u00fcstruktur und die Navigation angepasst worden sind und neue Funktionalit\u00e4ten hinzugef\u00fcgt worden sind.Wir freuen uns \u00fcber Ihre R\u00fcckmeldung und Kommentaren. HESS-Track ist eine moderne L\u00f6sung f\u00fcr den transparenten Zugriff auf den Zustand und die Historie Ihrer Elektrofahrzeugflotte. Die L\u00f6sung ist auf verschiedene Anwendungsf\u00e4lle&hellip;<\/p>\n","protected":false},"author":8,"featured_media":0,"parent":0,"menu_order":0,"comment_status":"closed","ping_status":"open","template":"","meta":{"footnotes":""},"class_list":["post-298","page","type-page","status-publish","hentry"],"_links":{"self":[{"href":"https:\/\/dev.hesstrack.com\/de\/wp-json\/wp\/v2\/pages\/298","targetHints":{"allow":["GET"]}}],"collection":[{"href":"https:\/\/dev.hesstrack.com\/de\/wp-json\/wp\/v2\/pages"}],"about":[{"href":"https:\/\/dev.hesstrack.com\/de\/wp-json\/wp\/v2\/types\/page"}],"author":[{"embeddable":true,"href":"https:\/\/dev.hesstrack.com\/de\/wp-json\/wp\/v2\/users\/8"}],"replies":[{"embeddable":true,"href":"https:\/\/dev.hesstrack.com\/de\/wp-json\/wp\/v2\/comments?post=298"}],"version-history":[{"count":6,"href":"https:\/\/dev.hesstrack.com\/de\/wp-json\/wp\/v2\/pages\/298\/revisions"}],"predecessor-version":[{"id":3214,"href":"https:\/\/dev.hesstrack.com\/de\/wp-json\/wp\/v2\/pages\/298\/revisions\/3214"}],"wp:attachment":[{"href":"https:\/\/dev.hesstrack.com\/de\/wp-json\/wp\/v2\/media?parent=298"}],"curies":[{"name":"wp","href":"https:\/\/api.w.org\/{rel}","templated":true}]}}