{"id":255,"date":"2021-08-18T14:26:40","date_gmt":"2021-08-18T14:26:40","guid":{"rendered":"https:\/\/dev.hesstrack.com\/?page_id=255"},"modified":"2023-09-29T11:54:34","modified_gmt":"2023-09-29T11:54:34","slug":"all-in-one-place","status":"publish","type":"page","link":"https:\/\/dev.hesstrack.com\/fr\/","title":{"rendered":"Tout en un seul endroit"},"content":{"rendered":"\n<blockquote class=\"wp-block-quote is-layout-flow wp-block-quote-is-layout-flow\">\n<p>Note<\/p>\n<cite>HESS-Track a subi une mise \u00e4 jour important. En cons\u00e9quence, la structure de menus et la navigation ont \u00e9t\u00e9 revues et plusieurs nouvelles fonctionalit\u00e9s ont \u00e9t\u00e9 rajout\u00e9es.<br>N&#8217;h\u00e9sitez-pas \u00e0 nous faire part de vos commentaires et suggestions.<\/cite><\/blockquote>\n\n\n\n<hr class=\"wp-block-separator has-alpha-channel-opacity\"\/>\n\n\n\n<p>HESS-Track est une solution moderne permettant un acc\u00e8s transparent pour observer l&#8217;\u00e9tat et l&#8217;historique de votre flotte de v\u00e9hicules \u00e9lectriques. Adapt\u00e9e \u00e0 diff\u00e9rents cas d&#8217;utilisation, la solution fournit aux op\u00e9rations des tableaux de bord et des notifications en temps r\u00e9el, aux gestionnaires des rapports, au personnel de maintenance des diagnostics et au service client\u00e8le des informations.<\/p>\n\n\n\n<p>En respectant les principes de l&#8217;ITxPT, HESS-Track collecte et traite en direct la dynamique des v\u00e9hicules et transforme ces donn\u00e9es en informations facilement accessibles. Des tableaux de bord interactifs permettent de descendre du niveau de la flotte jusqu&#8217;\u00e0 un v\u00e9hicule et m\u00eame jusqu&#8217;\u00e0 des sous-syst\u00e8mes ou des entit\u00e9s fonctionnelles. Les donn\u00e9es pour soutenir les diagnostics des v\u00e9hicules peuvent \u00e9galement \u00eatre demand\u00e9es et les rapports p\u00e9riodiques peuvent \u00eatre d\u00e9finis et g\u00e9n\u00e9r\u00e9s efficacement. <\/p>\n\n\n\n<blockquote class=\"wp-block-quote is-layout-flow wp-block-quote-is-layout-flow\">\n<p>HESS-Track estime que les utilisateurs ont besoin d&#8217;informations en fonction de leur r\u00f4le. Un manager pr\u00e9f\u00e9rera avoir un acc\u00e8s facile aux rapports alors qu&#8217;un technicien de maintenance voudra consulter l&#8217;historique des pannes du v\u00e9hicule par exemple. Par cons\u00e9quent, chaque utilisateur sera affect\u00e9 \u00e0 un r\u00f4le qui correspond le mieux \u00e0 son activit\u00e9.<\/p>\n<\/blockquote>\n\n\n\n<p>En tant que client, vous n&#8217;avez pas \u00e0 vous occuper de la gestion des utilisateurs. HESS-Track s&#8217;en charge pour vous.<\/p>\n\n\n\n<blockquote class=\"wp-block-quote is-layout-flow wp-block-quote-is-layout-flow\">\n<p>HESS-Track est construit avec les meilleurs outils logiciels du march\u00e9 et respecte les normes de s\u00e9curit\u00e9 des donn\u00e9es les plus \u00e9lev\u00e9es. Une attention particuli\u00e8re est accord\u00e9e \u00e0 la disponibilit\u00e9 du syst\u00e8me et l&#8217;acc\u00e8s aux donn\u00e9es des v\u00e9hicules est accord\u00e9 m\u00eame si les v\u00e9hicules ne sont pas en ligne.<\/p>\n<\/blockquote>\n\n\n\n<p>Contactez-nous si vous voulez en savoir plus sur HESS-Track sous <a href=\"mailto:info@hesstrack.com\">info@hesstrack.com<\/a>. Pour demander un compte, inscrivez-vous comme nouvel utilisateur.<\/p>\n","protected":false},"excerpt":{"rendered":"<p>Note HESS-Track a subi une mise \u00e4 jour important. En cons\u00e9quence, la structure de menus et la navigation ont \u00e9t\u00e9 revues et plusieurs nouvelles fonctionalit\u00e9s ont \u00e9t\u00e9 rajout\u00e9es.N&#8217;h\u00e9sitez-pas \u00e0 nous faire part de vos commentaires et suggestions. HESS-Track est une solution moderne permettant un acc\u00e8s transparent pour observer l&#8217;\u00e9tat et l&#8217;historique de votre flotte de&hellip;<\/p>\n","protected":false},"author":8,"featured_media":0,"parent":0,"menu_order":0,"comment_status":"closed","ping_status":"open","template":"","meta":{"footnotes":""},"class_list":["post-255","page","type-page","status-publish","hentry"],"_links":{"self":[{"href":"https:\/\/dev.hesstrack.com\/fr\/wp-json\/wp\/v2\/pages\/255","targetHints":{"allow":["GET"]}}],"collection":[{"href":"https:\/\/dev.hesstrack.com\/fr\/wp-json\/wp\/v2\/pages"}],"about":[{"href":"https:\/\/dev.hesstrack.com\/fr\/wp-json\/wp\/v2\/types\/page"}],"author":[{"embeddable":true,"href":"https:\/\/dev.hesstrack.com\/fr\/wp-json\/wp\/v2\/users\/8"}],"replies":[{"embeddable":true,"href":"https:\/\/dev.hesstrack.com\/fr\/wp-json\/wp\/v2\/comments?post=255"}],"version-history":[{"count":16,"href":"https:\/\/dev.hesstrack.com\/fr\/wp-json\/wp\/v2\/pages\/255\/revisions"}],"predecessor-version":[{"id":3213,"href":"https:\/\/dev.hesstrack.com\/fr\/wp-json\/wp\/v2\/pages\/255\/revisions\/3213"}],"wp:attachment":[{"href":"https:\/\/dev.hesstrack.com\/fr\/wp-json\/wp\/v2\/media?parent=255"}],"curies":[{"name":"wp","href":"https:\/\/api.w.org\/{rel}","templated":true}]}}